{"id":171,"date":"2023-12-23T10:24:52","date_gmt":"2023-12-23T10:24:52","guid":{"rendered":"https:\/\/birgitandersson.dk\/?page_id=171"},"modified":"2025-09-16T16:43:36","modified_gmt":"2025-09-16T14:43:36","slug":"home","status":"publish","type":"page","link":"https:\/\/www.birgitandersson.dk\/","title":{"rendered":"Forside"},"content":{"rendered":"\n<div class=\"wp-block-soliloquy-soliloquywp\"><div aria-live=\"polite\" id=\"soliloquy-container-122\" class=\"soliloquy-container soliloquy-transition-fade  soliloquy-theme-base\" style=\"max-width:1000px;max-height:500px;\"><ul id=\"soliloquy-122\" class=\"soliloquy-slider soliloquy-slides soliloquy-wrap soliloquy-clear\"><li aria-hidden=\"true\" class=\"soliloquy-item soliloquy-item-1 soliloquy-image-slide\" draggable=\"false\" style=\"list-style:none\"><img decoding=\"async\" id=\"soliloquy-image-124\" class=\"soliloquy-image soliloquy-image-1\" src=\"https:\/\/www.birgitandersson.dk\/wp-content\/uploads\/2025\/04\/IMG_2774-scaled-1000x500_c.jpg\" alt=\"IMG_2774\" \/><\/li><li aria-hidden=\"true\" class=\"soliloquy-item soliloquy-item-2 soliloquy-image-slide\" draggable=\"false\" style=\"list-style:none\"><img decoding=\"async\" id=\"soliloquy-image-214\" class=\"soliloquy-image soliloquy-image-2\" src=\"https:\/\/www.birgitandersson.dk\/wp-content\/uploads\/2025\/04\/IMG_6218-1000x500_c.jpg\" alt=\"IMG_6218\" \/><\/li><li aria-hidden=\"true\" class=\"soliloquy-item soliloquy-item-3 soliloquy-image-slide\" draggable=\"false\" style=\"list-style:none\"><img decoding=\"async\" id=\"soliloquy-image-127\" class=\"soliloquy-image soliloquy-image-3\" src=\"https:\/\/www.birgitandersson.dk\/wp-content\/uploads\/2025\/04\/20240813_133349-1000x500_c.jpg\" alt=\"20240813_133349\" \/><\/li><li aria-hidden=\"true\" class=\"soliloquy-item soliloquy-item-4 soliloquy-image-slide\" draggable=\"false\" style=\"list-style:none\"><img decoding=\"async\" id=\"soliloquy-image-212\" class=\"soliloquy-image soliloquy-image-4\" src=\"https:\/\/www.birgitandersson.dk\/wp-content\/uploads\/2025\/04\/20250410_093202-scaled-1000x500_c.jpg\" alt=\"20250410_093202\" \/><\/li><li aria-hidden=\"true\" class=\"soliloquy-item soliloquy-item-5 soliloquy-image-slide\" draggable=\"false\" style=\"list-style:none\"><img decoding=\"async\" id=\"soliloquy-image-126\" class=\"soliloquy-image soliloquy-image-5\" src=\"https:\/\/www.birgitandersson.dk\/wp-content\/uploads\/2025\/04\/20250315_082851-scaled-1000x500_c.jpg\" alt=\"20250315_082851\" \/><\/li><li aria-hidden=\"true\" class=\"soliloquy-item soliloquy-item-6 soliloquy-image-slide\" draggable=\"false\" style=\"list-style:none\"><img decoding=\"async\" id=\"soliloquy-image-213\" class=\"soliloquy-image soliloquy-image-6\" src=\"https:\/\/www.birgitandersson.dk\/wp-content\/uploads\/2025\/04\/IMG_2369-scaled-1000x500_c.jpg\" alt=\"IMG_2369\" \/><\/li><\/ul><\/div><noscript><style type=\"text\/css\">#soliloquy-container-122{opacity:1}<\/style><\/noscript><\/div>\n\n\n\n<h1 class=\"wp-block-heading has-text-align-center\">Billedmager<\/h1>\n\n\n\n<div class=\"wp-block-group is-nowrap is-layout-flex wp-container-core-group-is-layout-6c531013 wp-block-group-is-layout-flex\">\n<div class=\"wp-block-group alignwide is-layout-flow wp-block-group-is-layout-flow\">\n<div class=\"wp-block-columns is-layout-flex wp-container-core-columns-is-layout-d0b3c9c8 wp-block-columns-is-layout-flex\">\n<div class=\"wp-block-column is-layout-flow wp-block-column-is-layout-flow\">\n<figure class=\"wp-block-image size-large has-custom-border is-style-default wp-duotone-unset-1\" style=\"margin-top:0;margin-bottom:0\"><img loading=\"lazy\" decoding=\"async\" width=\"904\" height=\"1024\" src=\"https:\/\/birgitandersson.dk\/wp-content\/uploads\/2025\/03\/i284852689495223730._rsw480h360-904x1024.jpg\" alt=\"\" class=\"wp-image-86\" style=\"border-style:none;border-width:0px;border-radius:0px\" srcset=\"https:\/\/www.birgitandersson.dk\/wp-content\/uploads\/2025\/03\/i284852689495223730._rsw480h360-904x1024.jpg 904w, https:\/\/www.birgitandersson.dk\/wp-content\/uploads\/2025\/03\/i284852689495223730._rsw480h360-265x300.jpg 265w, https:\/\/www.birgitandersson.dk\/wp-content\/uploads\/2025\/03\/i284852689495223730._rsw480h360-768x870.jpg 768w, https:\/\/www.birgitandersson.dk\/wp-content\/uploads\/2025\/03\/i284852689495223730._rsw480h360.jpg 1130w\" sizes=\"auto, (max-width: 904px) 100vw, 904px\" \/><\/figure>\n<\/div>\n\n\n\n<div class=\"wp-block-column is-layout-flow wp-block-column-is-layout-flow\">\n<p>Jeg maler bare, nogen gange med et m\u00e5l, det udspringer af min grundl\u00e6rdom: &#8220;porcel\u00e6nsmaling&#8221;. Andre gange ved jeg ikke hvad der sker, det er andre kunstnere, naturen, menneskene omkring mig, der inspirerer. Det ender i lag p\u00e5 lag, og pludselig tr\u00e6der en form frem, som giver energi og gl\u00e6de. Jeg har modtaget undervisning af forskellige kendte kunstnere.<\/p>\n<\/div>\n<\/div>\n\n\n\n<div class=\"wp-block-columns is-layout-flex wp-container-core-columns-is-layout-d0b3c9c8 wp-block-columns-is-layout-flex\">\n<div class=\"wp-block-column is-layout-flow wp-block-column-is-layout-flow\">\n<figure class=\"wp-block-image size-full\"><img loading=\"lazy\" decoding=\"async\" width=\"480\" height=\"460\" src=\"https:\/\/birgitandersson.dk\/wp-content\/uploads\/2025\/04\/image.jpeg\" alt=\"Dette billede har en tom ALT-egenskab (billedbeskrivelse). Filnavnet er i284852689495223739._szw480h1280_.jpg\" class=\"wp-image-111\" srcset=\"https:\/\/www.birgitandersson.dk\/wp-content\/uploads\/2025\/04\/image.jpeg 480w, https:\/\/www.birgitandersson.dk\/wp-content\/uploads\/2025\/04\/image-300x288.jpeg 300w\" sizes=\"auto, (max-width: 480px) 100vw, 480px\" \/><\/figure>\n<\/div>\n\n\n\n<div class=\"wp-block-column is-layout-flow wp-block-column-is-layout-flow\">\n<figure class=\"wp-block-image size-large is-resized\"><img loading=\"lazy\" decoding=\"async\" width=\"994\" height=\"1024\" src=\"https:\/\/birgitandersson.dk\/wp-content\/uploads\/2025\/03\/i284852689477386968-994x1024.jpg\" alt=\"\" class=\"wp-image-77\" style=\"width:288px;height:auto\" srcset=\"https:\/\/www.birgitandersson.dk\/wp-content\/uploads\/2025\/03\/i284852689477386968-994x1024.jpg 994w, https:\/\/www.birgitandersson.dk\/wp-content\/uploads\/2025\/03\/i284852689477386968-291x300.jpg 291w, https:\/\/www.birgitandersson.dk\/wp-content\/uploads\/2025\/03\/i284852689477386968-768x791.jpg 768w, https:\/\/www.birgitandersson.dk\/wp-content\/uploads\/2025\/03\/i284852689477386968.jpg 1243w\" sizes=\"auto, (max-width: 994px) 100vw, 994px\" \/><\/figure>\n<\/div>\n<\/div>\n<\/div>\n<\/div>\n\n\n\n<div style=\"height:100px\" aria-hidden=\"true\" class=\"wp-block-spacer\"><\/div>\n","protected":false},"excerpt":{"rendered":"<p>Billedmager Jeg maler bare, nogen gange med et m\u00e5l, det udspringer af min grundl\u00e6rdom: &#8220;porcel\u00e6nsmaling&#8221;. Andre gange ved jeg ikke hvad der sker, det er andre kunstnere, naturen, menneskene omkring mig, der inspirerer. Det ender i lag p\u00e5 lag, og pludselig tr\u00e6der en form frem, som giver energi og gl\u00e6de. Jeg har modtaget undervisning af [&hellip;]<\/p>\n","protected":false},"author":1,"featured_media":0,"parent":0,"menu_order":0,"comment_status":"closed","ping_status":"closed","template":"page-no-title","meta":{"footnotes":""},"class_list":["post-171","page","type-page","status-publish","hentry"],"_links":{"self":[{"href":"https:\/\/www.birgitandersson.dk\/index.php?rest_route=\/wp\/v2\/pages\/171","targetHints":{"allow":["GET"]}}],"collection":[{"href":"https:\/\/www.birgitandersson.dk\/index.php?rest_route=\/wp\/v2\/pages"}],"about":[{"href":"https:\/\/www.birgitandersson.dk\/index.php?rest_route=\/wp\/v2\/types\/page"}],"author":[{"embeddable":true,"href":"https:\/\/www.birgitandersson.dk\/index.php?rest_route=\/wp\/v2\/users\/1"}],"replies":[{"embeddable":true,"href":"https:\/\/www.birgitandersson.dk\/index.php?rest_route=%2Fwp%2Fv2%2Fcomments&post=171"}],"version-history":[{"count":5,"href":"https:\/\/www.birgitandersson.dk\/index.php?rest_route=\/wp\/v2\/pages\/171\/revisions"}],"predecessor-version":[{"id":271,"href":"https:\/\/www.birgitandersson.dk\/index.php?rest_route=\/wp\/v2\/pages\/171\/revisions\/271"}],"wp:attachment":[{"href":"https:\/\/www.birgitandersson.dk\/index.php?rest_route=%2Fwp%2Fv2%2Fmedia&parent=171"}],"curies":[{"name":"wp","href":"https:\/\/api.w.org\/{rel}","templated":true}]}}